{"id":508,"date":"2025-11-28T19:17:23","date_gmt":"2025-11-28T19:17:23","guid":{"rendered":"https:\/\/www.yusufoglumetals.com\/?page_id=508"},"modified":"2025-11-28T19:22:57","modified_gmt":"2025-11-28T19:22:57","slug":"sifir-ikinci-el-tahta-demir-pvc-kapi","status":"publish","type":"page","link":"https:\/\/www.yusufoglumetals.com\/index.php\/sifir-ikinci-el-tahta-demir-pvc-kapi\/","title":{"rendered":"SIFIR \u0130K\u0130NC\u0130 EL\u00a0TAHTA-DEM\u0130R- PVC KAPI"},"content":{"rendered":"\n\n","protected":false},"excerpt":{"rendered":"","protected":false},"author":1,"featured_media":0,"parent":0,"menu_order":0,"comment_status":"closed","ping_status":"closed","template":"full-width","meta":{"saved_in_kubio":true,"_uag_custom_page_level_css":"","neve_meta_sidebar":"","neve_meta_container":"","neve_meta_enable_content_width":"","neve_meta_content_width":0,"neve_meta_title_alignment":"","neve_meta_author_avatar":"","neve_post_elements_order":"","neve_meta_disable_header":"","neve_meta_disable_footer":"","neve_meta_disable_title":"","footnotes":""},"class_list":["post-508","page","type-page","status-publish","hentry"],"kubio_ai_page_context":{"short_desc":"","purpose":"general"},"uagb_featured_image_src":{"full":false,"thumbnail":false,"medium":false,"medium_large":false,"large":false,"1536x1536":false,"2048x2048":false,"kubio-fullhd":false,"neve-blog":false},"uagb_author_info":{"display_name":"admin","author_link":"https:\/\/www.yusufoglumetals.com\/index.php\/author\/admin\/"},"uagb_comment_info":0,"uagb_excerpt":null,"_links":{"self":[{"href":"https:\/\/www.yusufoglumetals.com\/index.php\/wp-json\/wp\/v2\/pages\/508","targetHints":{"allow":["GET"]}}],"collection":[{"href":"https:\/\/www.yusufoglumetals.com\/index.php\/wp-json\/wp\/v2\/pages"}],"about":[{"href":"https:\/\/www.yusufoglumetals.com\/index.php\/wp-json\/wp\/v2\/types\/page"}],"author":[{"embeddable":true,"href":"https:\/\/www.yusufoglumetals.com\/index.php\/wp-json\/wp\/v2\/users\/1"}],"replies":[{"embeddable":true,"href":"https:\/\/www.yusufoglumetals.com\/index.php\/wp-json\/wp\/v2\/comments?post=508"}],"version-history":[{"count":2,"href":"https:\/\/www.yusufoglumetals.com\/index.php\/wp-json\/wp\/v2\/pages\/508\/revisions"}],"predecessor-version":[{"id":517,"href":"https:\/\/www.yusufoglumetals.com\/index.php\/wp-json\/wp\/v2\/pages\/508\/revisions\/517"}],"wp:attachment":[{"href":"https:\/\/www.yusufoglumetals.com\/index.php\/wp-json\/wp\/v2\/media?parent=508"}],"curies":[{"name":"wp","href":"https:\/\/api.w.org\/{rel}","templated":true}]}}