{"id":441,"date":"2025-11-28T17:54:04","date_gmt":"2025-11-28T17:54:04","guid":{"rendered":"https:\/\/www.yusufoglumetals.com\/?page_id=441"},"modified":"2025-11-29T19:45:51","modified_gmt":"2025-11-29T19:45:51","slug":"sifir-ikinci-el-mutfak-dolaplari","status":"publish","type":"page","link":"https:\/\/www.yusufoglumetals.com\/index.php\/sifir-ikinci-el-mutfak-dolaplari\/","title":{"rendered":"S\u0131f\u0131r-\u0130kinci El Mutfak Dolaplar\u0131"},"content":{"rendered":"\n\n","protected":false},"excerpt":{"rendered":"","protected":false},"author":1,"featured_media":0,"parent":0,"menu_order":0,"comment_status":"closed","ping_status":"closed","template":"full-width","meta":{"saved_in_kubio":true,"_uag_custom_page_level_css":"","neve_meta_sidebar":"","neve_meta_container":"","neve_meta_enable_content_width":"","neve_meta_content_width":0,"neve_meta_title_alignment":"","neve_meta_author_avatar":"","neve_post_elements_order":"","neve_meta_disable_header":"","neve_meta_disable_footer":"","neve_meta_disable_title":"","footnotes":""},"class_list":["post-441","page","type-page","status-publish","hentry"],"kubio_ai_page_context":{"short_desc":"","purpose":"general"},"uagb_featured_image_src":{"full":false,"thumbnail":false,"medium":false,"medium_large":false,"large":false,"1536x1536":false,"2048x2048":false,"kubio-fullhd":false,"neve-blog":false},"uagb_author_info":{"display_name":"admin","author_link":"https:\/\/www.yusufoglumetals.com\/index.php\/author\/admin\/"},"uagb_comment_info":0,"uagb_excerpt":null,"_links":{"self":[{"href":"https:\/\/www.yusufoglumetals.com\/index.php\/wp-json\/wp\/v2\/pages\/441","targetHints":{"allow":["GET"]}}],"collection":[{"href":"https:\/\/www.yusufoglumetals.com\/index.php\/wp-json\/wp\/v2\/pages"}],"about":[{"href":"https:\/\/www.yusufoglumetals.com\/index.php\/wp-json\/wp\/v2\/types\/page"}],"author":[{"embeddable":true,"href":"https:\/\/www.yusufoglumetals.com\/index.php\/wp-json\/wp\/v2\/users\/1"}],"replies":[{"embeddable":true,"href":"https:\/\/www.yusufoglumetals.com\/index.php\/wp-json\/wp\/v2\/comments?post=441"}],"version-history":[{"count":5,"href":"https:\/\/www.yusufoglumetals.com\/index.php\/wp-json\/wp\/v2\/pages\/441\/revisions"}],"predecessor-version":[{"id":688,"href":"https:\/\/www.yusufoglumetals.com\/index.php\/wp-json\/wp\/v2\/pages\/441\/revisions\/688"}],"wp:attachment":[{"href":"https:\/\/www.yusufoglumetals.com\/index.php\/wp-json\/wp\/v2\/media?parent=441"}],"curies":[{"name":"wp","href":"https:\/\/api.w.org\/{rel}","templated":true}]}}