{"id":431,"date":"2025-11-28T17:38:14","date_gmt":"2025-11-28T17:38:14","guid":{"rendered":"https:\/\/www.yusufoglumetals.com\/?page_id=431"},"modified":"2025-11-29T19:10:30","modified_gmt":"2025-11-29T19:10:30","slug":"kentsel-donusum-bina-yikimi","status":"publish","type":"page","link":"https:\/\/www.yusufoglumetals.com\/index.php\/kentsel-donusum-bina-yikimi\/","title":{"rendered":"Kentsel D\u00f6n\u00fc\u015f\u00fcm Bina Y\u0131k\u0131m\u0131"},"content":{"rendered":"\n\n","protected":false},"excerpt":{"rendered":"","protected":false},"author":1,"featured_media":0,"parent":0,"menu_order":0,"comment_status":"closed","ping_status":"closed","template":"","meta":{"saved_in_kubio":true,"_uag_custom_page_level_css":"","neve_meta_sidebar":"","neve_meta_container":"","neve_meta_enable_content_width":"","neve_meta_content_width":0,"neve_meta_title_alignment":"","neve_meta_author_avatar":"","neve_post_elements_order":"","neve_meta_disable_header":"","neve_meta_disable_footer":"","neve_meta_disable_title":"","footnotes":""},"class_list":["post-431","page","type-page","status-publish","hentry"],"kubio_ai_page_context":{"short_desc":"","purpose":"general"},"uagb_featured_image_src":{"full":false,"thumbnail":false,"medium":false,"medium_large":false,"large":false,"1536x1536":false,"2048x2048":false,"kubio-fullhd":false,"neve-blog":false},"uagb_author_info":{"display_name":"admin","author_link":"https:\/\/www.yusufoglumetals.com\/index.php\/author\/admin\/"},"uagb_comment_info":0,"uagb_excerpt":null,"_links":{"self":[{"href":"https:\/\/www.yusufoglumetals.com\/index.php\/wp-json\/wp\/v2\/pages\/431","targetHints":{"allow":["GET"]}}],"collection":[{"href":"https:\/\/www.yusufoglumetals.com\/index.php\/wp-json\/wp\/v2\/pages"}],"about":[{"href":"https:\/\/www.yusufoglumetals.com\/index.php\/wp-json\/wp\/v2\/types\/page"}],"author":[{"embeddable":true,"href":"https:\/\/www.yusufoglumetals.com\/index.php\/wp-json\/wp\/v2\/users\/1"}],"replies":[{"embeddable":true,"href":"https:\/\/www.yusufoglumetals.com\/index.php\/wp-json\/wp\/v2\/comments?post=431"}],"version-history":[{"count":5,"href":"https:\/\/www.yusufoglumetals.com\/index.php\/wp-json\/wp\/v2\/pages\/431\/revisions"}],"predecessor-version":[{"id":679,"href":"https:\/\/www.yusufoglumetals.com\/index.php\/wp-json\/wp\/v2\/pages\/431\/revisions\/679"}],"wp:attachment":[{"href":"https:\/\/www.yusufoglumetals.com\/index.php\/wp-json\/wp\/v2\/media?parent=431"}],"curies":[{"name":"wp","href":"https:\/\/api.w.org\/{rel}","templated":true}]}}